{"id":6391,"date":"2021-10-22T14:50:18","date_gmt":"2021-10-22T14:50:18","guid":{"rendered":"http:\/\/dummy.xtemos.com\/woodmart2\/elementor\/?page_id=6391"},"modified":"2023-10-12T18:42:44","modified_gmt":"2023-10-12T18:42:44","slug":"home","status":"publish","type":"page","link":"https:\/\/haciendafizebad.com\/en\/home\/","title":{"rendered":"Home"},"content":{"rendered":"<div data-elementor-type=\"wp-page\" data-elementor-id=\"6391\" class=\"elementor elementor-6391\">\n\t\t\t\t\t\t<section class=\"elementor-section elementor-top-section elementor-element elementor-element-a4966f1 elementor-section-full_width elementor-section-stretched elementor-section-height-default elementor-section-height-default wd-section-disabled\" data-id=\"a4966f1\" data-element_type=\"section\" data-e-type=\"section\" data-settings=\"{&quot;stretch_section&quot;:&quot;section-stretched&quot;}\">\n\t\t\t\t\t\t<div class=\"elementor-container elementor-column-gap-no\">\n\t\t\t\t\t<div class=\"elementor-column elementor-col-100 elementor-top-column elementor-element elementor-element-97d411d\" data-id=\"97d411d\" data-element_type=\"column\" data-e-type=\"column\">\n\t\t\t<div class=\"elementor-widget-wrap elementor-element-populated\">\n\t\t\t\t\t\t<div class=\"elementor-element elementor-element-4c7210d elementor-widget elementor-widget-wd_slider\" data-id=\"4c7210d\" data-element_type=\"widget\" data-e-type=\"widget\" data-widget_type=\"wd_slider.default\">\n\t\t\t\t<div class=\"elementor-widget-container\">\n\t\t\t\t\t\t\t\t<style>\t\t\t#slider-72 .wd-slide {\n\t\t\t\tmin-height: 820px;\n\t\t\t}\n\n\t\t\t@media (min-width: 1025px) {\n\t\t\t\t.browser-Internet #slider-72 .wd-slide {\n\t\t\t\t\theight: 820px;\n\t\t\t\t}\n\t\t\t}\n\n\t\t\t@media (max-width: 1024px) {\n\t\t\t\t#slider-72 .wd-slide {\n\t\t\t\t\tmin-height: 640px;\n\t\t\t\t}\n\t\t\t}\n\n\t\t\t@media (max-width: 767px) {\n\t\t\t\t#slider-72 .wd-slide {\n\t\t\t\t\tmin-height: 500px;\n\t\t\t\t}\n\t\t\t}\n\n\t\t\t\t\t\t\t#slide-6398.woodmart-loaded .wd-slide-bg {\n\t\t\t\t\tbackground-image:url(https:\/\/haciendafizebad.com\/wp-content\/uploads\/2021\/10\/banner-2.jpg);\t\t\t\t}\n\n\t\t\t\t#slide-6398 .wd-slide-bg {\n\t\t\t\t\tbackground-color:rgb(149,174,188);\t\t\t\t\tbackground-size:cover;\n\t\t\t\t\t\t\t\t\t\t\tbackground-position:center center;\t\t\t\t\t\t\t\t\t}\n\n\t\t\t\t\n\t\t\t\t@media (max-width: 1024px) {\n\t\t\t\t\t\n\t\t\t\t\t\n\t\t\t\t\t#slide-6398 .wd-slide-bg {\n\t\t\t\t\t\t\t\t\t\t\t\t\t\t\t\t\t\t\t\n\t\t\t\t\t\t\t\t\t\t\t\t\t\t\t\t\t\t\t\t\t\t\t\t}\n\t\t\t\t}\n\n\t\t\t\t@media (max-width: 767px) {\n\t\t\t\t\t\n\t\t\t\t\t\n\t\t\t\t\t#slide-6398 .wd-slide-bg {\n\t\t\t\t\t\t\t\t\t\t\t\t\t\t\t\t\t\t\t\n\t\t\t\t\t\t\t\t\t\t\t\t\t\t\t\t\t\t\t\t\t\t\t\t}\n\t\t\t\t}\n\n\t\t\t\t\n\t\t\t\t\t\t\t\t<\/style>\n\t\t\t\t\t\t\t\t\t\t\t\t\t\t\t<link rel=\"stylesheet\" id=\"elementor-post-6398-css\" href=\"https:\/\/haciendafizebad.com\/wp-content\/uploads\/elementor\/css\/post-6398.css?ver=1775217149\" type=\"text\/css\" media=\"all\">\n\t\t\t\t\t\t\t\t\t\t\n        <div id=\"slider-72\" data-id=\"72\" class=\"wd-slider-wrapper arrows-style-1 pagin-style-1 pagin-scheme-light anim-distortion wd-pagin-hr-center wd-section-stretch\" data-speed=\"20000\" data-wrap=\"yes\" data-autoplay=\"yes\" data-autoheight=\"yes\" data-hide_pagination_control=\"no\" data-hide_prev_next_buttons=\"no\" data-sliding_speed=\"900\" data-content_animation=\"1\" data-library=\"flickity\" data-desktop=\"1\" data-tablet=\"1\" data-tablet_landscape=\"1\" data-mobile=\"1\">\n\t\t\t\t<div class=\"wd-slider wd-autoplay-animations-off\">\n\t\t\t\t\t\t\t\t\t\t\t\t\t\t\t\t\t<div id=\"slide-6398\" class=\"wd-slide woodmart-loaded\"  data-image-url=\"https:\/\/haciendafizebad.com\/wp-content\/uploads\/2021\/10\/banner-2.jpg\">\n\t\t\t\t\t\t\t\t\t\t\t\t\t\t<div class=\"container wd-slide-container wd-items-middle wd-justify-center content-full-width\">\n\t\t\t\t\t\t\t\t<div class=\"wd-slide-inner\">\n\t\t\t\t\t\t\t\t\t\t\t\t\t\t\t\t\t\t\t\t\t<div data-elementor-type=\"wp-post\" data-elementor-id=\"6398\" class=\"elementor elementor-6398\">\n\t\t\t\t<div class=\"wd-negative-gap elementor-element elementor-element-d05725b e-flex e-con-boxed wd-section-disabled e-con e-parent\" data-id=\"d05725b\" data-element_type=\"container\" data-e-type=\"container\">\n\t\t\t\t\t<div class=\"e-con-inner\">\n\t\t<div class=\"elementor-element elementor-element-2bbfff2 e-con-full e-flex wd-section-disabled e-con e-child\" data-id=\"2bbfff2\" data-element_type=\"container\" data-e-type=\"container\" data-settings=\"{&quot;background_background&quot;:&quot;classic&quot;}\">\n\t\t\t\t<div class=\"elementor-element elementor-element-d0e06a1 elementor-widget elementor-widget-heading\" data-id=\"d0e06a1\" data-element_type=\"widget\" data-e-type=\"widget\" data-widget_type=\"heading.default\">\n\t\t\t\t<div class=\"elementor-widget-container\">\n\t\t\t\t\t<h2 class=\"elementor-heading-title elementor-size-default\">Somos Fizebad<\/h2>\t\t\t\t<\/div>\n\t\t\t\t<\/div>\n\t\t\t\t<div class=\"elementor-element elementor-element-265621f elementor-widget elementor-widget-heading\" data-id=\"265621f\" data-element_type=\"widget\" data-e-type=\"widget\" data-widget_type=\"heading.default\">\n\t\t\t\t<div class=\"elementor-widget-container\">\n\t\t\t\t\t<h5 class=\"elementor-heading-title elementor-size-default\">Fizebad es un club campestre ubicado en las afueras de Medellin, en una hacienda encantadora llena de magia, que conserva su arquitectura tradicional y entorno natural. Ac\u00e1 en cada rinc\u00f3n se respira serenidad y un aire fresco especial que invita a so\u00f1ar y a perderse en el tiempo, cautivando as\u00ed los corazones de quienes\u00a0la\u00a0visitan.<\/h5>\t\t\t\t<\/div>\n\t\t\t\t<\/div>\n\t\t\t\t<div class=\"elementor-element elementor-element-55dbc4c elementor-align-center elementor-widget elementor-widget-button\" data-id=\"55dbc4c\" data-element_type=\"widget\" data-e-type=\"widget\" data-widget_type=\"button.default\">\n\t\t\t\t<div class=\"elementor-widget-container\">\n\t\t\t\t\t\t\t\t\t<div class=\"elementor-button-wrapper\">\n\t\t\t\t\t<a class=\"elementor-button elementor-button-link elementor-size-sm\" href=\"https:\/\/wa.link\/pmmg35\" target=\"_blank\">\n\t\t\t\t\t\t<span class=\"elementor-button-content-wrapper\">\n\t\t\t\t\t\t\t\t\t<span class=\"elementor-button-text\">HAZ TU RESERVACI\u00d3N<\/span>\n\t\t\t\t\t<\/span>\n\t\t\t\t\t<\/a>\n\t\t\t\t<\/div>\n\t\t\t\t\t\t\t\t<\/div>\n\t\t\t\t<\/div>\n\t\t\t\t<\/div>\n\t\t<div class=\"elementor-element elementor-element-4d12336 e-con-full e-flex wd-section-disabled e-con e-child\" data-id=\"4d12336\" data-element_type=\"container\" data-e-type=\"container\">\n\t\t\t\t<\/div>\n\t\t\t\t\t<\/div>\n\t\t\t\t<\/div>\n\t\t\t\t<\/div>\n\t\t\t\t\t\t\t\t\t\t\t\t\t\t\t\t\t\t\t<\/div>\n\t\t\t\t\t\t\t<\/div>\n\n\t\t\t\t\t\t\t<div class=\"wd-slide-bg wd-fill\"><\/div>\n\t\t\t\t\t\t<\/div>\n\n\t\t\t\t\t\t\t\t\t\t\t\t\t\t\t\t\t\t\t\t\t\t\t\t\t\t\t\t<\/div>\n\t\t\t<\/div>\n\n\t\t\t\t\t\t\t\t\t<\/div>\n\t\t\t\t<\/div>\n\t\t\t\t\t<\/div>\n\t\t<\/div>\n\t\t\t\t\t<\/div>\n\t\t<\/section>\n\t\t\t\t<section class=\"elementor-section elementor-top-section elementor-element elementor-element-8144d0f elementor-section-full_width elementor-section-stretched elementor-section-height-default elementor-section-height-default wd-section-disabled\" data-id=\"8144d0f\" data-element_type=\"section\" data-e-type=\"section\" data-settings=\"{&quot;stretch_section&quot;:&quot;section-stretched&quot;,&quot;background_background&quot;:&quot;classic&quot;}\">\n\t\t\t\t\t\t<div class=\"elementor-container elementor-column-gap-no\">\n\t\t\t\t\t<div class=\"elementor-column elementor-col-100 elementor-top-column elementor-element elementor-element-54e8a92\" data-id=\"54e8a92\" data-element_type=\"column\" data-e-type=\"column\">\n\t\t\t<div class=\"elementor-widget-wrap elementor-element-populated\">\n\t\t\t\t\t\t<div class=\"elementor-element elementor-element-e29c750 elementor-widget elementor-widget-heading\" data-id=\"e29c750\" data-element_type=\"widget\" data-e-type=\"widget\" data-widget_type=\"heading.default\">\n\t\t\t\t<div class=\"elementor-widget-container\">\n\t\t\t\t\t<h2 class=\"elementor-heading-title elementor-size-default\">Fizebad Weddings<\/h2>\t\t\t\t<\/div>\n\t\t\t\t<\/div>\n\t\t\t\t<div class=\"elementor-element elementor-element-1e405a8 elementor-widget elementor-widget-heading\" data-id=\"1e405a8\" data-element_type=\"widget\" data-e-type=\"widget\" data-widget_type=\"heading.default\">\n\t\t\t\t<div class=\"elementor-widget-container\">\n\t\t\t\t\t<h4 class=\"elementor-heading-title elementor-size-default\">La hacienda Fizebad es un lugar donde los sue\u00f1os se vuelven realidad. Rodeados de naturaleza y encanto hist\u00f3rico, tu boda ser\u00e1 un recuerdo inolvidable. Nos enorgullecer\u00e1 ser testigos de uno de los momentos m\u00e1s emocionantes de tu vida, un viaje que comenz\u00f3 con una mirada y que ahora se afianza\u00a0con\u00a0un\u00a0s\u00ed.<\/h4>\t\t\t\t<\/div>\n\t\t\t\t<\/div>\n\t\t\t\t<div class=\"elementor-element elementor-element-f599991 elementor-align-center elementor-widget elementor-widget-button\" data-id=\"f599991\" data-element_type=\"widget\" data-e-type=\"widget\" data-widget_type=\"button.default\">\n\t\t\t\t<div class=\"elementor-widget-container\">\n\t\t\t\t\t\t\t\t\t<div class=\"elementor-button-wrapper\">\n\t\t\t\t\t<a class=\"elementor-button elementor-button-link elementor-size-sm\" href=\"https:\/\/wa.link\/fq8z1r\" target=\"_blank\">\n\t\t\t\t\t\t<span class=\"elementor-button-content-wrapper\">\n\t\t\t\t\t\t\t\t\t<span class=\"elementor-button-text\">OBT\u00c9N TU COTIZACI\u00d3N<\/span>\n\t\t\t\t\t<\/span>\n\t\t\t\t\t<\/a>\n\t\t\t\t<\/div>\n\t\t\t\t\t\t\t\t<\/div>\n\t\t\t\t<\/div>\n\t\t\t\t\t<\/div>\n\t\t<\/div>\n\t\t\t\t\t<\/div>\n\t\t<\/section>\n\t\t\t\t<section class=\"elementor-section elementor-top-section elementor-element elementor-element-7620644 elementor-section-full_width elementor-section-stretched elementor-section-height-default elementor-section-height-default wd-section-disabled\" data-id=\"7620644\" data-element_type=\"section\" data-e-type=\"section\" id=\"servicios\" data-settings=\"{&quot;stretch_section&quot;:&quot;section-stretched&quot;,&quot;background_background&quot;:&quot;classic&quot;}\">\n\t\t\t\t\t\t<div class=\"elementor-container elementor-column-gap-no\">\n\t\t\t\t\t<div class=\"elementor-column elementor-col-100 elementor-top-column elementor-element elementor-element-a976385\" data-id=\"a976385\" data-element_type=\"column\" data-e-type=\"column\">\n\t\t\t<div class=\"elementor-widget-wrap elementor-element-populated\">\n\t\t\t\t\t\t<div class=\"elementor-element elementor-element-3baf33c elementor-widget elementor-widget-heading\" data-id=\"3baf33c\" data-element_type=\"widget\" data-e-type=\"widget\" data-widget_type=\"heading.default\">\n\t\t\t\t<div class=\"elementor-widget-container\">\n\t\t\t\t\t<h2 class=\"elementor-heading-title elementor-size-default\">NUESTROS SERVICIOS<\/h2>\t\t\t\t<\/div>\n\t\t\t\t<\/div>\n\t\t\t\t<div class=\"elementor-element elementor-element-aa6690e elementor-widget elementor-widget-heading\" data-id=\"aa6690e\" data-element_type=\"widget\" data-e-type=\"widget\" data-widget_type=\"heading.default\">\n\t\t\t\t<div class=\"elementor-widget-container\">\n\t\t\t\t\t<h2 class=\"elementor-heading-title elementor-size-default\">Estamos trabajando para mejorar, por eso, esta p\u00e1gina est\u00e1 en construcci\u00f3n. <br>Mientras tanto, cont\u00e1ctate con nosotros.<\/h2>\t\t\t\t<\/div>\n\t\t\t\t<\/div>\n\t\t\t\t\t<\/div>\n\t\t<\/div>\n\t\t\t\t\t<\/div>\n\t\t<\/section>\n\t\t\t\t<section class=\"elementor-section elementor-top-section elementor-element elementor-element-242862c elementor-section-full_width elementor-section-stretched elementor-section-height-default elementor-section-height-default wd-section-disabled\" data-id=\"242862c\" data-element_type=\"section\" data-e-type=\"section\" data-settings=\"{&quot;stretch_section&quot;:&quot;section-stretched&quot;,&quot;background_background&quot;:&quot;classic&quot;}\">\n\t\t\t\t\t\t<div class=\"elementor-container elementor-column-gap-default\">\n\t\t\t\t\t<div class=\"elementor-column elementor-col-25 elementor-top-column elementor-element elementor-element-23f8671\" data-id=\"23f8671\" data-element_type=\"column\" data-e-type=\"column\">\n\t\t\t<div class=\"elementor-widget-wrap elementor-element-populated\">\n\t\t\t\t\t\t<div class=\"elementor-element elementor-element-7865308 elementor-widget elementor-widget-image\" data-id=\"7865308\" data-element_type=\"widget\" data-e-type=\"widget\" data-widget_type=\"image.default\">\n\t\t\t\t<div class=\"elementor-widget-container\">\n\t\t\t\t\t\t\t\t\t\t\t\t\t\t\t\t<a href=\"https:\/\/wa.link\/pmmg35\" target=\"_blank\">\n\t\t\t\t\t\t\t<img fetchpriority=\"high\" decoding=\"async\" width=\"398\" height=\"398\" src=\"https:\/\/haciendafizebad.com\/wp-content\/uploads\/2023\/09\/restaurante.jpg\" class=\"attachment-full size-full wp-image-15648\" alt=\"\" srcset=\"https:\/\/haciendafizebad.com\/wp-content\/uploads\/2023\/09\/restaurante.jpg 398w, https:\/\/haciendafizebad.com\/wp-content\/uploads\/2023\/09\/restaurante-150x150.jpg 150w, https:\/\/haciendafizebad.com\/wp-content\/uploads\/2023\/09\/restaurante-300x300.jpg 300w\" sizes=\"(max-width: 398px) 100vw, 398px\" \/>\t\t\t\t\t\t\t\t<\/a>\n\t\t\t\t\t\t\t\t\t\t\t\t\t\t\t<\/div>\n\t\t\t\t<\/div>\n\t\t\t\t\t<\/div>\n\t\t<\/div>\n\t\t\t\t<div class=\"elementor-column elementor-col-25 elementor-top-column elementor-element elementor-element-621b55a\" data-id=\"621b55a\" data-element_type=\"column\" data-e-type=\"column\" id=\"boda\">\n\t\t\t<div class=\"elementor-widget-wrap elementor-element-populated\">\n\t\t\t\t\t\t<div class=\"elementor-element elementor-element-3479c93 elementor-widget elementor-widget-image\" data-id=\"3479c93\" data-element_type=\"widget\" data-e-type=\"widget\" data-widget_type=\"image.default\">\n\t\t\t\t<div class=\"elementor-widget-container\">\n\t\t\t\t\t\t\t\t\t\t\t\t\t\t\t\t<a href=\"https:\/\/wa.link\/pmmg35\" target=\"_blank\">\n\t\t\t\t\t\t\t<img decoding=\"async\" width=\"399\" height=\"398\" src=\"https:\/\/haciendafizebad.com\/wp-content\/uploads\/2023\/09\/Bodas.jpg\" class=\"attachment-full size-full wp-image-15650\" alt=\"\" srcset=\"https:\/\/haciendafizebad.com\/wp-content\/uploads\/2023\/09\/Bodas.jpg 399w, https:\/\/haciendafizebad.com\/wp-content\/uploads\/2023\/09\/Bodas-150x150.jpg 150w, https:\/\/haciendafizebad.com\/wp-content\/uploads\/2023\/09\/Bodas-301x300.jpg 301w\" sizes=\"(max-width: 399px) 100vw, 399px\" \/>\t\t\t\t\t\t\t\t<\/a>\n\t\t\t\t\t\t\t\t\t\t\t\t\t\t\t<\/div>\n\t\t\t\t<\/div>\n\t\t\t\t\t<\/div>\n\t\t<\/div>\n\t\t\t\t<div class=\"elementor-column elementor-col-25 elementor-top-column elementor-element elementor-element-844c2fc\" data-id=\"844c2fc\" data-element_type=\"column\" data-e-type=\"column\">\n\t\t\t<div class=\"elementor-widget-wrap elementor-element-populated\">\n\t\t\t\t\t\t<div class=\"elementor-element elementor-element-7c96c6b elementor-widget elementor-widget-image\" data-id=\"7c96c6b\" data-element_type=\"widget\" data-e-type=\"widget\" data-widget_type=\"image.default\">\n\t\t\t\t<div class=\"elementor-widget-container\">\n\t\t\t\t\t\t\t\t\t\t\t\t\t\t\t\t<a href=\"https:\/\/wa.link\/7ihifr\" target=\"_blank\">\n\t\t\t\t\t\t\t<img decoding=\"async\" width=\"399\" height=\"399\" src=\"https:\/\/haciendafizebad.com\/wp-content\/uploads\/2023\/09\/AREAS.DEPORTIVAS.jpg\" class=\"attachment-full size-full wp-image-15751\" alt=\"\" srcset=\"https:\/\/haciendafizebad.com\/wp-content\/uploads\/2023\/09\/AREAS.DEPORTIVAS.jpg 399w, https:\/\/haciendafizebad.com\/wp-content\/uploads\/2023\/09\/AREAS.DEPORTIVAS-300x300.jpg 300w, https:\/\/haciendafizebad.com\/wp-content\/uploads\/2023\/09\/AREAS.DEPORTIVAS-150x150.jpg 150w\" sizes=\"(max-width: 399px) 100vw, 399px\" \/>\t\t\t\t\t\t\t\t<\/a>\n\t\t\t\t\t\t\t\t\t\t\t\t\t\t\t<\/div>\n\t\t\t\t<\/div>\n\t\t\t\t\t<\/div>\n\t\t<\/div>\n\t\t\t\t<div class=\"elementor-column elementor-col-25 elementor-top-column elementor-element elementor-element-976539a\" data-id=\"976539a\" data-element_type=\"column\" data-e-type=\"column\">\n\t\t\t<div class=\"elementor-widget-wrap elementor-element-populated\">\n\t\t\t\t\t\t<div class=\"elementor-element elementor-element-c57c15f elementor-widget elementor-widget-image\" data-id=\"c57c15f\" data-element_type=\"widget\" data-e-type=\"widget\" data-widget_type=\"image.default\">\n\t\t\t\t<div class=\"elementor-widget-container\">\n\t\t\t\t\t\t\t\t\t\t\t\t\t\t\t\t<a href=\"https:\/\/wa.link\/qk8l0q\" target=\"_blank\">\n\t\t\t\t\t\t\t<img loading=\"lazy\" decoding=\"async\" width=\"399\" height=\"398\" src=\"https:\/\/haciendafizebad.com\/wp-content\/uploads\/2023\/09\/atencion-socio.jpg\" class=\"attachment-full size-full wp-image-15647\" alt=\"\" srcset=\"https:\/\/haciendafizebad.com\/wp-content\/uploads\/2023\/09\/atencion-socio.jpg 399w, https:\/\/haciendafizebad.com\/wp-content\/uploads\/2023\/09\/atencion-socio-150x150.jpg 150w, https:\/\/haciendafizebad.com\/wp-content\/uploads\/2023\/09\/atencion-socio-301x300.jpg 301w\" sizes=\"(max-width: 399px) 100vw, 399px\" \/>\t\t\t\t\t\t\t\t<\/a>\n\t\t\t\t\t\t\t\t\t\t\t\t\t\t\t<\/div>\n\t\t\t\t<\/div>\n\t\t\t\t\t<\/div>\n\t\t<\/div>\n\t\t\t\t\t<\/div>\n\t\t<\/section>\n\t\t\t\t<section class=\"elementor-section elementor-top-section elementor-element elementor-element-8bbe180 elementor-section-full_width elementor-section-stretched elementor-section-height-default elementor-section-height-default wd-section-disabled\" data-id=\"8bbe180\" data-element_type=\"section\" data-e-type=\"section\" id=\"ubicacion\" data-settings=\"{&quot;stretch_section&quot;:&quot;section-stretched&quot;,&quot;background_background&quot;:&quot;classic&quot;}\">\n\t\t\t\t\t\t<div class=\"elementor-container elementor-column-gap-default\">\n\t\t\t\t\t<div class=\"elementor-column elementor-col-100 elementor-top-column elementor-element elementor-element-eeca151\" data-id=\"eeca151\" data-element_type=\"column\" data-e-type=\"column\">\n\t\t\t<div class=\"elementor-widget-wrap elementor-element-populated\">\n\t\t\t\t\t\t<div class=\"elementor-element elementor-element-69d6292 elementor-widget elementor-widget-heading\" data-id=\"69d6292\" data-element_type=\"widget\" data-e-type=\"widget\" data-widget_type=\"heading.default\">\n\t\t\t\t<div class=\"elementor-widget-container\">\n\t\t\t\t\t<h2 class=\"elementor-heading-title elementor-size-default\">\u00bfD\u00d3NDE ESTAMOS?<\/h2>\t\t\t\t<\/div>\n\t\t\t\t<\/div>\n\t\t\t\t\t<\/div>\n\t\t<\/div>\n\t\t\t\t\t<\/div>\n\t\t<\/section>\n\t\t\t\t<section class=\"elementor-section elementor-top-section elementor-element elementor-element-c72a652 elementor-section-full_width elementor-section-stretched elementor-section-height-default elementor-section-height-default wd-section-disabled\" data-id=\"c72a652\" data-element_type=\"section\" data-e-type=\"section\" data-settings=\"{&quot;stretch_section&quot;:&quot;section-stretched&quot;,&quot;background_background&quot;:&quot;classic&quot;}\">\n\t\t\t\t\t\t<div class=\"elementor-container elementor-column-gap-default\">\n\t\t\t\t\t<div class=\"elementor-column elementor-col-50 elementor-top-column elementor-element elementor-element-824501d\" data-id=\"824501d\" data-element_type=\"column\" data-e-type=\"column\">\n\t\t\t<div class=\"elementor-widget-wrap elementor-element-populated\">\n\t\t\t\t\t\t<div class=\"elementor-element elementor-element-c08818a elementor-widget elementor-widget-image\" data-id=\"c08818a\" data-element_type=\"widget\" data-e-type=\"widget\" data-widget_type=\"image.default\">\n\t\t\t\t<div class=\"elementor-widget-container\">\n\t\t\t\t\t\t\t\t\t\t\t\t\t\t\t<img loading=\"lazy\" decoding=\"async\" width=\"674\" height=\"674\" src=\"https:\/\/haciendafizebad.com\/wp-content\/uploads\/2023\/09\/Ubicacion.png\" class=\"attachment-full size-full wp-image-15661\" alt=\"\" srcset=\"https:\/\/haciendafizebad.com\/wp-content\/uploads\/2023\/09\/Ubicacion.png 674w, https:\/\/haciendafizebad.com\/wp-content\/uploads\/2023\/09\/Ubicacion-430x430.png 430w, https:\/\/haciendafizebad.com\/wp-content\/uploads\/2023\/09\/Ubicacion-150x150.png 150w, https:\/\/haciendafizebad.com\/wp-content\/uploads\/2023\/09\/Ubicacion-300x300.png 300w\" sizes=\"(max-width: 674px) 100vw, 674px\" \/>\t\t\t\t\t\t\t\t\t\t\t\t\t\t\t<\/div>\n\t\t\t\t<\/div>\n\t\t\t\t\t<\/div>\n\t\t<\/div>\n\t\t\t\t<div class=\"elementor-column elementor-col-50 elementor-top-column elementor-element elementor-element-15ff251\" data-id=\"15ff251\" data-element_type=\"column\" data-e-type=\"column\">\n\t\t\t<div class=\"elementor-widget-wrap elementor-element-populated\">\n\t\t\t\t\t\t<div class=\"elementor-element elementor-element-b9886db elementor-widget elementor-widget-heading\" data-id=\"b9886db\" data-element_type=\"widget\" data-e-type=\"widget\" data-widget_type=\"heading.default\">\n\t\t\t\t<div class=\"elementor-widget-container\">\n\t\t\t\t\t<h2 class=\"elementor-heading-title elementor-size-default\">This is our location <\/h2>\t\t\t\t<\/div>\n\t\t\t\t<\/div>\n\t\t\t\t<div class=\"elementor-element elementor-element-aa61754 elementor-widget elementor-widget-heading\" data-id=\"aa61754\" data-element_type=\"widget\" data-e-type=\"widget\" data-widget_type=\"heading.default\">\n\t\t\t\t<div class=\"elementor-widget-container\">\n\t\t\t\t\t<h4 class=\"elementor-heading-title elementor-size-default\"> Km 27 of Las Palmas Avenue<br> in El Retiro, Antioquia<\/h4>\t\t\t\t<\/div>\n\t\t\t\t<\/div>\n\t\t\t\t\t<\/div>\n\t\t<\/div>\n\t\t\t\t\t<\/div>\n\t\t<\/section>\n\t\t\t\t<section class=\"elementor-section elementor-top-section elementor-element elementor-element-4a83cd1 elementor-section-full_width elementor-section-stretched elementor-section-height-default elementor-section-height-default wd-section-disabled\" data-id=\"4a83cd1\" data-element_type=\"section\" data-e-type=\"section\" data-settings=\"{&quot;stretch_section&quot;:&quot;section-stretched&quot;,&quot;background_background&quot;:&quot;classic&quot;}\">\n\t\t\t\t\t\t<div class=\"elementor-container elementor-column-gap-default\">\n\t\t\t\t\t<div class=\"elementor-column elementor-col-100 elementor-top-column elementor-element elementor-element-a70da8a\" data-id=\"a70da8a\" data-element_type=\"column\" data-e-type=\"column\">\n\t\t\t<div class=\"elementor-widget-wrap elementor-element-populated\">\n\t\t\t\t\t\t<div class=\"elementor-element elementor-element-8d9293a elementor-widget elementor-widget-html\" data-id=\"8d9293a\" data-element_type=\"widget\" data-e-type=\"widget\" data-widget_type=\"html.default\">\n\t\t\t\t<div class=\"elementor-widget-container\">\n\t\t\t\t\t<style>\n    footer.footer-container.color-scheme-dark {\n    DISPLAY: NONE;\n}\n\n.wd-toolbar.wd-toolbar-label-show {\n    display: none;\n}\nh1,h2,h3,h5,p,a,span {\n    font-family: 'Blacker Text' !important;\n}\n\n<\/style>\t\t\t\t<\/div>\n\t\t\t\t<\/div>\n\t\t\t\t<div class=\"elementor-element elementor-element-73863a1 elementor-widget elementor-widget-image\" data-id=\"73863a1\" data-element_type=\"widget\" data-e-type=\"widget\" data-widget_type=\"image.default\">\n\t\t\t\t<div class=\"elementor-widget-container\">\n\t\t\t\t\t\t\t\t\t\t\t\t\t\t\t<img loading=\"lazy\" decoding=\"async\" width=\"190\" height=\"92\" src=\"https:\/\/haciendafizebad.com\/wp-content\/uploads\/2023\/09\/Hacienda-Fizebad.png\" class=\"attachment-full size-full wp-image-15678\" alt=\"\" srcset=\"https:\/\/haciendafizebad.com\/wp-content\/uploads\/2023\/09\/Hacienda-Fizebad.png 190w, https:\/\/haciendafizebad.com\/wp-content\/uploads\/2023\/09\/Hacienda-Fizebad-150x73.png 150w\" sizes=\"(max-width: 190px) 100vw, 190px\" \/>\t\t\t\t\t\t\t\t\t\t\t\t\t\t\t<\/div>\n\t\t\t\t<\/div>\n\t\t\t\t<div class=\"elementor-element elementor-element-b01141b elementor-shape-rounded elementor-grid-0 e-grid-align-center elementor-widget elementor-widget-social-icons\" data-id=\"b01141b\" data-element_type=\"widget\" data-e-type=\"widget\" data-widget_type=\"social-icons.default\">\n\t\t\t\t<div class=\"elementor-widget-container\">\n\t\t\t\t\t\t\t<div class=\"elementor-social-icons-wrapper elementor-grid\" role=\"list\">\n\t\t\t\t\t\t\t<span class=\"elementor-grid-item\" role=\"listitem\">\n\t\t\t\t\t<a class=\"elementor-icon elementor-social-icon elementor-social-icon-facebook elementor-repeater-item-d41b464\" href=\"https:\/\/www.facebook.com\/ClubHaciendaFizebad\" target=\"_blank\">\n\t\t\t\t\t\t<span class=\"elementor-screen-only\">Facebook<\/span>\n\t\t\t\t\t\t<i aria-hidden=\"true\" class=\"fab fa-facebook\"><\/i>\t\t\t\t\t<\/a>\n\t\t\t\t<\/span>\n\t\t\t\t\t\t\t<span class=\"elementor-grid-item\" role=\"listitem\">\n\t\t\t\t\t<a class=\"elementor-icon elementor-social-icon elementor-social-icon-instagram elementor-repeater-item-8e684d1\" href=\"https:\/\/www.instagram.com\/hacienda_fizebad\/\" target=\"_blank\">\n\t\t\t\t\t\t<span class=\"elementor-screen-only\">Instagram<\/span>\n\t\t\t\t\t\t<i aria-hidden=\"true\" class=\"fab fa-instagram\"><\/i>\t\t\t\t\t<\/a>\n\t\t\t\t<\/span>\n\t\t\t\t\t\t\t<span class=\"elementor-grid-item\" role=\"listitem\">\n\t\t\t\t\t<a class=\"elementor-icon elementor-social-icon elementor-social-icon-youtube elementor-repeater-item-1376b29\" href=\"https:\/\/www.youtube.com\/channel\/UCs_OtBqzvQac2ftCk_64N5g\" target=\"_blank\">\n\t\t\t\t\t\t<span class=\"elementor-screen-only\">Youtube<\/span>\n\t\t\t\t\t\t<i aria-hidden=\"true\" class=\"fab fa-youtube\"><\/i>\t\t\t\t\t<\/a>\n\t\t\t\t<\/span>\n\t\t\t\t\t<\/div>\n\t\t\t\t\t\t<\/div>\n\t\t\t\t<\/div>\n\t\t\t\t\t<\/div>\n\t\t<\/div>\n\t\t\t\t\t<\/div>\n\t\t<\/section>\n\t\t\t\t<\/div>","protected":false},"excerpt":{"rendered":"<p>Somos Fizebad Fizebad es un club campestre ubicado en las afueras de Medellin, en una hacienda encantadora llena de magia,<\/p>","protected":false},"author":1,"featured_media":0,"parent":0,"menu_order":0,"comment_status":"closed","ping_status":"closed","template":"","meta":{"footnotes":""},"class_list":["post-6391","page","type-page","status-publish","hentry"],"_links":{"self":[{"href":"https:\/\/haciendafizebad.com\/en\/wp-json\/wp\/v2\/pages\/6391","targetHints":{"allow":["GET"]}}],"collection":[{"href":"https:\/\/haciendafizebad.com\/en\/wp-json\/wp\/v2\/pages"}],"about":[{"href":"https:\/\/haciendafizebad.com\/en\/wp-json\/wp\/v2\/types\/page"}],"author":[{"embeddable":true,"href":"https:\/\/haciendafizebad.com\/en\/wp-json\/wp\/v2\/users\/1"}],"replies":[{"embeddable":true,"href":"https:\/\/haciendafizebad.com\/en\/wp-json\/wp\/v2\/comments?post=6391"}],"version-history":[{"count":131,"href":"https:\/\/haciendafizebad.com\/en\/wp-json\/wp\/v2\/pages\/6391\/revisions"}],"predecessor-version":[{"id":16314,"href":"https:\/\/haciendafizebad.com\/en\/wp-json\/wp\/v2\/pages\/6391\/revisions\/16314"}],"wp:attachment":[{"href":"https:\/\/haciendafizebad.com\/en\/wp-json\/wp\/v2\/media?parent=6391"}],"curies":[{"name":"wp","href":"https:\/\/api.w.org\/{rel}","templated":true}]}}